{"id":45,"date":"2023-07-26T08:56:35","date_gmt":"2023-07-26T08:56:35","guid":{"rendered":"https:\/\/radoventures.com\/?page_id=45"},"modified":"2023-08-02T10:31:49","modified_gmt":"2023-08-02T10:31:49","slug":"povrazy-a-problemy","status":"publish","type":"page","link":"https:\/\/radoventures.com\/?page_id=45","title":{"rendered":"Povrazy a probl\u00e9my"},"content":{"rendered":"\n<p>T\u00e1to str\u00e1nka je venovan\u00e1 probl\u00e9mom ktor\u00e9 sme mali a ako sme ich rie\u0161ili. \u0160tandardn\u00fd postup p\u00edsa\u0165 na povrazy.reklamacie@gmail.com sa uk\u00e1zal ako ve\u013emi neefekt\u00edvny.<\/p>\n\n\n\n<p><\/p>\n\n\n\n<p>Reklam\u00e1cie rie\u0161i p\u00e1n Balla ale ke\u010f\u017ee je na to s\u00e1m tak pochybujem, \u017ee to dok\u00e1\u017ee zvl\u00e1da\u0165 obzvl\u00e1\u0161\u0165 katastrof\u00e1lne to bude ke\u010f sa odovzdaj\u00fa aj \u010fal\u0161ie byty.<\/p>\n\n\n\n<p><strong>Nefunguj\u00faca elektrina <\/strong>v byte vyhadzovala in\u00fa vetvu. Bolo vyrie\u0161en\u00e9 pomerne promptne. Po\u0161koden\u00fd k\u00e1bel vymenen\u00fd.<\/p>\n\n\n\n<p><strong>Te\u010d\u00faci ventil v kuchyni<\/strong> &#8211; kvapkal. Opravovali na 3x d\u00e1val som tam pijak(sav\u00fd papier) aby sme videli \u010di u\u017e nete\u010die.<\/p>\n\n\n\n<p><\/p>\n\n\n\n<p><strong>Kopec na podlahe<\/strong> mimo normy (STN 74 4505) posielan\u00e9 na reklam\u00e1cie 21.2.2023. \u017diadna odozva do dnes 26.7.2023. Zabr\u00fasen\u00fd na vlastn\u00e9 n\u00e1klady lebo sme to potrebovali zrovna\u0165 aby mohli poklada\u0165 podlahy.<\/p>\n\n\n\n<p><\/p>\n\n\n\n<p><strong>Vchodov\u00e9 dvere<\/strong> v princ\u00edpe ne\u0161li zavrie\u0165 k\u013eu\u010dkou iba buchnut\u00edm a v\u0161eobecne s nimi trepalo b\u00facha\u0165 celkom dos\u0165 aby sa zavreli. \u00dadajne kv\u00f4li tesneniu to bolo z povrazov reklam\u00e1cie. Nezdalo sa mi to volal som na defendoor &lt;<a rel=\"noreferrer noopener\" href=\"mailto:info@defendoor.sk\" target=\"_blank\">info@defendoor.sk<\/a>&gt; kde mi t\u00e1to inform\u00e1cia bola vyvr\u00e1ten\u00e1. Dvere maj\u00fa is\u0165 \u0161tandardne \u013eahko zavrie\u0165 ak\u00e9 to prekvapenie &#8230;. <\/p>\n\n\n\n<p>Rie\u0161il som to priamou reklam\u00e1ciou z defendooru sa mi ozval p\u00e1n Du\u0161an Blahutiak ktor\u00fd ma na starosti reklam\u00e1cie. Toto boli po\u017eiadavky<\/p>\n\n\n\n<blockquote class=\"wp-block-quote is-layout-flow wp-block-quote-is-layout-flow\">\n<p>Popros\u00edm v\u00e1s v&nbsp;reklam\u00e1cii pre identifik\u00e1ciu stavby uvies\u0165:<\/p>\n\n\n\n<p>N\u00e1zov stavby:<\/p>\n\n\n\n<p>Adresu:<\/p>\n\n\n\n<p>Meno a&nbsp;priezvisko klienta:<\/p>\n\n\n\n<p>\u010c\u00edslo bytu:<\/p>\n\n\n\n<p>\u010c\u00edslo telef\u00f3nu:<\/p>\n\n\n\n<p>Fotografiu \u0161t\u00edtku na dver\u00e1ch:<\/p>\n\n\n\n<p>Otv\u00e1ravos\u0165 dver\u00ed:<\/p>\n\n\n\n<p>Popros\u00edm do bud\u00facna pr\u00edpadne reklam\u00e1cie posiela\u0165 cez spr\u00e1vcu bytov\u00e9ho domu.<\/p>\n<\/blockquote>\n\n\n\n<p>Po zaslan\u00ed info Adresu som uviedol bez adresy  Ko\u0161ice povrazy A3 &#8230; Netu\u0161\u00edm ako to je teraz v ka\u017edom pr\u00edpade pri\u0161li sa pozrie\u0165 na dvere. Z\u00e1ver zle dotiahnut\u00fd a nastaven\u00fd p\u00e1nt.<\/p>\n\n\n\n<p><\/p>\n\n\n\n<p>K dver\u00e1m e\u0161te jedn\u00e1 vec ke\u010f boli vchodov\u00e9 dvere na bytovke otvoren\u00e9 a bol pusten\u00fd digestor v kuchyni tak p\u00edskali ve\u013emi na\u0161\u0165astie sme u\u017e b\u00fdvali lebo na toto by sme asi len tak nepri\u0161li. To vyrie\u0161ili do\u010dasne nejak\u00fdm tesnen\u00edm ale dole ve\u013emi dole nedr\u017e\u00ed = v\u00f4bec. Mali sa ozva\u0165, ke\u010f bud\u00fa ma\u0165 nie\u010do permanentn\u00e9 zatia\u013e ni\u010d. <\/p>\n\n\n\n<p><\/p>\n\n\n\n<p><strong>Balk\u00f3nov\u00e9 dvere\/okn\u00e1:<\/strong> vypad\u00e1vala proti prievanov\u00e1 poistka.  P\u00edsal som na reklam\u00e1cie ani obraz ani zvuk. Obvol\u00e1val som Slovaktual at\u010f. a\u017e som sa dop\u00e1tral, \u017ee Dod\u00e1vate\u013e na stavbu (Windows and Doors | Elite Plus Ltd. telefon: <a href=\"https:\/\/www.google.com\/search?q=elitedoors+kosice&amp;client=firefox-b-d&amp;sxsrf=AB5stBhuyEYDsuqCLCT8HFrf1aTOjDcoqA%3A1690349349400&amp;ei=Ja_AZKqCGLTP7_UPztqAsAk&amp;ved=0ahUKEwjqqJGE0quAAxW057sIHU4tAJYQ4dUDCA4&amp;uact=5&amp;oq=elitedoors+kosice&amp;gs_lp=Egxnd3Mtd2l6LXNlcnAiEWVsaXRlZG9vcnMga29zaWNlMgUQABiiBDIFEAAYogQyBRAAGKIESNYTUJENWP0ScAF4AZABAJgBaqAB-ASqAQM1LjK4AQPIAQD4AQHCAgoQABhHGNYEGLADwgIHEAAYDRiABMICBhAAGBYYHsICBxAhGKABGAriAwQYACBBiAYBkAYC&amp;sclient=gws-wiz-serp#\">0918 491 000<\/a>) Nov\u00e1 proti prievanov\u00e1 poistka ma st\u00e1la asi 15 eur vraj nespr\u00e1vnou manipul\u00e1ciou to bolo zlomen\u00e9&#8230; ke\u010f sa zasekli dvere \u00faplne, \u017ee ne\u0161li otv\u00e1ra\u0165 pri\u0161li to opravi\u0165. <\/p>\n\n\n\n<p>N\u00e1sledne sa dvere zasekli opraven\u00e9 vr\u00e1mci reklam\u00e1cie. (odpor\u00fa\u010danie premaz\u00e1va\u0165 t\u00fa poistku)<\/p>\n\n\n\n<p><\/p>\n\n\n\n<p><\/p>\n\n\n\n<p><strong>Klimatiz\u00e1cia<\/strong>: vytiekla. po sk\u00faman\u00ed dod\u00e1vate\u013eom kl\u00edmy v\u0161etko v poriadku ale odtok zle spraven\u00fd odtekalo iba pod tlakom a nikto nevie kam.  P\u00edsal som na reklam\u00e1cie. volal ve\u013ea kr\u00e1t nakoniec som volal MBC Michaela Michalikov\u00e1\u00a0&#8211; reklam\u00e1cie (+421 948\u00a0350 744) n\u00e1sledne technik z MBC a vod\u00e1r &#8211; sk\u00famanie voda v\u00f4bec neodtek\u00e1 do sif\u00f3nu kde by mala ani z balk\u00f3novej \u010dasti. Potrebn\u00e9 otvori\u0165 sadrokart\u00f3n na chodbe a h\u013eada\u0165 kde je probl\u00e9m. 26.7.2023 st\u00e1le \u010dak\u00e1me vod\u00e1ra, celoz\u00e1vodn\u00e1 dovolenka vr\u00e1ti\u0165 by sa mal v sobotu.<\/p>\n\n\n\n<p>Opraven\u00e9 pravdepodobne  31.07.2023 &#8211; &#8220;majstri&#8221; \u010do robili predpr\u00edpravu nezapojili hadi\u010dku na kondenz\u00e1t do potrubia odpadov\u00e9ho ale nechali to prichyten\u00e9 na medi klimatiz\u00e1cie. T\u00fdm p\u00e1dom to \u0161lo do kopca .. Oprava skr\u00e1til hadi\u010dku a zasunul do pred pripraven\u00e9ho potrubia na odvod kondenz\u00e1tu.<\/p>\n\n\n\n<p>Kondenz\u00e1t z balk\u00f3nu v\u00f4bec nem\u00e1 is\u0165 do toho sif\u00f3nu je to vyveden\u00e9 inde tak\u017ee v\u0161etko ok vyzer\u00e1 by\u0165 na teraz.<\/p>\n\n\n\n<p><\/p>\n\n\n\n<p>E\u0161te detail na z\u00e1ver fotky z n\u00e1\u0161ho zapojenia mala suseda \u010do sa t\u00fdka tej ob\u00fdva\u010dkovej klimatiz\u00e1cie.<\/p>\n\n\n\n<p><\/p>\n\n\n\n<p><\/p>\n\n\n\n<p><\/p>\n\n\n\n<p><\/p>\n\n\n\n<p><\/p>\n\n\n\n<p><\/p>\n\n\n\n<p><\/p>\n\n\n\n<p><\/p>\n\n\n\n<p><\/p>\n\n\n\n<p><\/p>\n\n\n\n<p><\/p>\n\n\n\n<p><\/p>\n","protected":false},"excerpt":{"rendered":"<p>T\u00e1to str\u00e1nka je venovan\u00e1 probl\u00e9mom ktor\u00e9 sme mali a ako sme ich rie\u0161ili. \u0160tandardn\u00fd postup p\u00edsa\u0165 na povrazy.reklamacie@gmail.com sa uk\u00e1zal ako ve\u013emi neefekt\u00edvny. Reklam\u00e1cie rie\u0161i p\u00e1n Balla ale ke\u010f\u017ee je na to s\u00e1m tak pochybujem, \u017ee to dok\u00e1\u017ee zvl\u00e1da\u0165 obzvl\u00e1\u0161\u0165 katastrof\u00e1lne to bude ke\u010f sa odovzdaj\u00fa aj \u010fal\u0161ie byty. Nefunguj\u00faca elektrina v byte vyhadzovala in\u00fa [&hellip;]<\/p>\n","protected":false},"author":1,"featured_media":0,"parent":0,"menu_order":0,"comment_status":"closed","ping_status":"closed","template":"","meta":{"footnotes":""},"class_list":["post-45","page","type-page","status-publish","hentry"],"_links":{"self":[{"href":"https:\/\/radoventures.com\/index.php?rest_route=\/wp\/v2\/pages\/45"}],"collection":[{"href":"https:\/\/radoventures.com\/index.php?rest_route=\/wp\/v2\/pages"}],"about":[{"href":"https:\/\/radoventures.com\/index.php?rest_route=\/wp\/v2\/types\/page"}],"author":[{"embeddable":true,"href":"https:\/\/radoventures.com\/index.php?rest_route=\/wp\/v2\/users\/1"}],"replies":[{"embeddable":true,"href":"https:\/\/radoventures.com\/index.php?rest_route=%2Fwp%2Fv2%2Fcomments&post=45"}],"version-history":[{"count":15,"href":"https:\/\/radoventures.com\/index.php?rest_route=\/wp\/v2\/pages\/45\/revisions"}],"predecessor-version":[{"id":62,"href":"https:\/\/radoventures.com\/index.php?rest_route=\/wp\/v2\/pages\/45\/revisions\/62"}],"wp:attachment":[{"href":"https:\/\/radoventures.com\/index.php?rest_route=%2Fwp%2Fv2%2Fmedia&parent=45"}],"curies":[{"name":"wp","href":"https:\/\/api.w.org\/{rel}","templated":true}]}}